{"id":5170,"date":"2021-02-15T11:45:10","date_gmt":"2021-02-15T10:45:10","guid":{"rendered":"https:\/\/hotelcastello.hub-core.com\/?page_id=5170"},"modified":"2021-03-02T10:26:45","modified_gmt":"2021-03-02T09:26:45","slug":"contactez-nous","status":"publish","type":"page","link":"https:\/\/www.castellobudoni.com\/fr\/contactez-nous\/","title":{"rendered":"Contactez-nous"},"content":{"rendered":"<p>[vc_row full_width=\u00a0\u00bbstretch_row\u00a0\u00bb parallax=\u00a0\u00bbcontent-moving\u00a0\u00bb parallax_image=\u00a0\u00bb4731&Prime; css=\u00a0\u00bb.vc_custom_1609770233612{padding-top: 150px !important;padding-bottom: 80px !important;}\u00a0\u00bb][vc_column]<div class=\"awe-special-heading text-center\" style=\"color:#ffffff;\"><h1>Contacts<\/h1><\/div>[\/vc_column][\/vc_row][vc_row][vc_column][vc_raw_html]JTVCd3BzZW9fYnJlYWRjcnVtYiU1RA==[\/vc_raw_html][\/vc_column][\/vc_row][vc_row css=\u00a0\u00bb.vc_custom_1486438573732{margin-bottom: 80px !important;}\u00a0\u00bb][vc_column width=\u00a0\u00bb1\/2&Prime;][vc_column_text size=\u00a0\u00bb0&Prime; css=\u00a0\u00bb.vc_custom_1613385889071{margin-top: 20px !important;padding-top: 20px !important;}\u00a0\u00bb]<\/p>\n<h2>Contactez-nous<\/h2>\n<p>Dans l&rsquo;h\u00f4tel Castello, chaque s\u00e9jour est une histoire en soi, un r\u00e9cit fait de petites attentions et de grandes exp\u00e9riences \u00e0 vivre \u00e0 l&rsquo;int\u00e9rieur et \u00e0 l&rsquo;ext\u00e9rieur de l&rsquo;h\u00f4tel.<\/p>\n<p>Appelez-nous, \u00e9crivez-nous ou rendez-nous visite.[\/vc_column_text][vc_raw_html css=\u00a0\u00bb.vc_custom_1609777305807{padding-top: 20px !important;padding-bottom: 20px !important;}\u00a0\u00bb]JTNDZGl2JTIwY2xhc3MlM0QlMjJjb250YWN0JTIyJTNFJTBBJTA5JTNDdWwlMjBjbGFzcyUzRCUyMnRleHQlMjIlM0UlMEElMDklMjAlMjAlMjAlMjAlM0NsaSUzRSUzQ2klMjBjbGFzcyUzRCUyMmljb24lMjBoaWxsdGVyLWljb24tbG9jYXRpb24lMjIlM0UlM0MlMkZpJTNFU3RyYWRhJTIwUHJvdmluY2lhbGUlMjAxJTJDJTIwa20lMjA1LjAyMCUyMCVDMiVCNyUyMEJ1ZG9uaSUyMCUyOFNTJTI5JTNDJTJGbGklM0UlMEElMDklMjAlMjAlMjAlMjAlM0NsaSUzRSUzQ2klMjBjbGFzcyUzRCUyMmljb24lMjBoaWxsdGVyLWljb24tcGhvbmUlMjIlM0UlM0MlMkZpJTNFJTJCMzklMjAwNzg0JTIwODQ2MTM4JTNDJTJGbGklM0UlMEElMDklMjAlMjAlMjAlMjAlM0NsaSUzRSUzQ2klMjBjbGFzcyUzRCUyMmljb24lMjBmYSUyMGZhLWVudmVsb3BlLW8lMjIlM0UlM0MlMkZpJTNFaW5mbyU0MGNhc3RlbGxvYnVkb25pLmNvbSUzQyUyRmxpJTNFJTBBJTA5JTNDJTJGdWwlM0UlMEElM0MlMkZkaXYlM0U=[\/vc_raw_html][\/vc_column][vc_column width=\u00a0\u00bb1\/2&Prime;]<div role=\"form\" class=\"wpcf7\" id=\"wpcf7-f5591-o1\" lang=\"it-IT\" dir=\"ltr\">\n<div class=\"screen-reader-response\"><p role=\"status\" aria-live=\"polite\" aria-atomic=\"true\"><\/p> <ul><\/ul><\/div>\n<form action=\"\/fr\/wp-json\/wp\/v2\/pages\/5170#wpcf7-f5591-o1\" method=\"post\" class=\"wpcf7-form init\" novalidate=\"novalidate\" data-status=\"init\">\n<div style=\"display: none;\">\n<input type=\"hidden\" name=\"_wpcf7\" value=\"5591\" \/>\n<input type=\"hidden\" name=\"_wpcf7_version\" value=\"5.3.2\" \/>\n<input type=\"hidden\" name=\"_wpcf7_locale\" value=\"it_IT\" \/>\n<input type=\"hidden\" name=\"_wpcf7_unit_tag\" value=\"wpcf7-f5591-o1\" \/>\n<input type=\"hidden\" name=\"_wpcf7_container_post\" value=\"0\" \/>\n<input type=\"hidden\" name=\"_wpcf7_posted_data_hash\" value=\"\" \/>\n<input type=\"hidden\" name=\"_wpcf7_recaptcha_response\" value=\"\" \/>\n<\/div>\n<div class=\"contact-form\">\n<div class=\"row\">\n<div class=\"col-sm-6\">\n    <span class=\"wpcf7-form-control-wrap your-name\"><input type=\"text\" name=\"your-name\" value=\"\" size=\"40\" class=\"wpcf7-form-control wpcf7-text wpcf7-validates-as-required field-text\" aria-required=\"true\" aria-invalid=\"false\" placeholder=\"Pr\u00e9nom\" \/><\/span> <\/div>\n<div class=\"col-sm-6\">\n    <span class=\"wpcf7-form-control-wrap your-surname\"><input type=\"text\" name=\"your-surname\" value=\"\" size=\"40\" class=\"wpcf7-form-control wpcf7-text wpcf7-validates-as-required field-text\" aria-required=\"true\" aria-invalid=\"false\" placeholder=\"Nom\" \/><\/span> <\/div>\n<div class=\"col-sm-12\">\n    <span class=\"wpcf7-form-control-wrap your-email\"><input type=\"email\" name=\"your-email\" value=\"\" size=\"40\" class=\"wpcf7-form-control wpcf7-text wpcf7-email wpcf7-validates-as-required wpcf7-validates-as-email field-text\" aria-required=\"true\" aria-invalid=\"false\" placeholder=\"Email\" \/><\/span> <\/div>\n<div class=\"col-sm-12\">\n    <span class=\"wpcf7-form-control-wrap your-subject\"><input type=\"text\" name=\"your-subject\" value=\"\" size=\"40\" class=\"wpcf7-form-control wpcf7-text field-text\" aria-invalid=\"false\" placeholder=\"Sujet\" \/><\/span> <\/div>\n<div class=\"col-sm-12\">\n    <span class=\"wpcf7-form-control-wrap your-message\"><textarea name=\"your-message\" cols=\"40\" rows=\"10\" class=\"wpcf7-form-control wpcf7-textarea field-textarea\" aria-invalid=\"false\" placeholder=\"Votre message\"><\/textarea><\/span> <\/div>\n<div class=\"col-sm-12\">\n<span class=\"wpcf7-form-control-wrap acceptance\"><span class=\"wpcf7-form-control wpcf7-acceptance\"><span class=\"wpcf7-list-item\"><label><input type=\"checkbox\" name=\"acceptance\" value=\"1\" aria-invalid=\"false\" class=\"acceptance\" \/><span class=\"wpcf7-list-item-label\">J'autorise H\u00f4tel Castello \u00e0 traiter mes donn\u00e9es personnelles.<\/span><\/label><\/span><\/span><\/span>\n\t\t<\/div>\n<div class=\"col-sm-12\" style=\"font-size:10px;\">\nPour que vous puissiez envoyer le message, nous devons stocker et traiter vos donn\u00e9es personnelles. Vous pouvez changer d'avis \u00e0 tout moment. Pour plus d'informations, veuillez consulter notre politique de confidentialit\u00e9.\n\t\t<\/div>\n<div class=\"col-sm-6\">\n<input type=\"submit\" value=\"Envoyez\" class=\"wpcf7-form-control wpcf7-submit awe-btn awe-btn-default\" \/><\/div><\/div>\n<\/div>\n<div class=\"wpcf7-response-output\" aria-hidden=\"true\"><\/div><\/form><\/div>[\/vc_column][\/vc_row][vc_row full_width=\u00a0\u00bbstretch_row_content_no_spaces\u00a0\u00bb css=\u00a0\u00bb.vc_custom_1440979319669{margin-bottom: 0px !important;}\u00a0\u00bb][vc_column][vc_raw_html]JTNDaWZyYW1lJTIwc3JjJTNEJTIyaHR0cHMlM0ElMkYlMkZ3d3cuZ29vZ2xlLmNvbSUyRm1hcHMlMkZlbWJlZCUzRnBiJTNEJTIxMW0xOCUyMTFtMTIlMjExbTMlMjExZDY3NjUzOC4yMzA1NjUwMjclMjEyZDEwLjE1MDE3MjE5MjY1NjM3NCUyMTNkNDAuNjUzMjE0MTgzNzcwMDklMjEybTMlMjExZjAlMjEyZjAlMjEzZjAlMjEzbTIlMjExaTEwMjQlMjEyaTc2OCUyMTRmMTMuMSUyMTNtMyUyMTFtMiUyMTFzMHgxMmRlYzU2MDU5NGQ0ZmFiJTI1M0EweGQ5YTFiM2IyOTFkNGVkMTElMjEyc0hvdGVsJTI1MjBDYXN0ZWxsbyUyNTIwQnVkb25pJTIxNWUwJTIxM20yJTIxMXNpdCUyMTJzaXQlMjE0djE2MTAxMDI3MzY5ODclMjE1bTIlMjExc2l0JTIxMnNpdCUyMiUyMHdpZHRoJTNEJTIyMTAwJTI1JTIyJTIwaGVpZ2h0JTNEJTIyNDAwJTIyJTIwZnJhbWVib3JkZXIlM0QlMjIwJTIyJTIwc3R5bGUlM0QlMjJib3JkZXIlM0EwJTNCJTIyJTIwYWxsb3dmdWxsc2NyZWVuJTNEJTIyJTIyJTIwYXJpYS1oaWRkZW4lM0QlMjJmYWxzZSUyMiUyMHRhYmluZGV4JTNEJTIyMCUyMiUzRSUzQyUyRmlmcmFtZSUzRQ==[\/vc_raw_html][\/vc_column][\/vc_row]<\/p>\n","protected":false},"excerpt":{"rendered":"<p>[vc_row full_width=\u00a0\u00bbstretch_row\u00a0\u00bb parallax=\u00a0\u00bbcontent-moving\u00a0\u00bb parallax_image=\u00a0\u00bb4731&Prime; css=\u00a0\u00bb.vc_custom_1609770233612{padding-top: 150px !important;padding-bottom: 80px !important;}\u00a0\u00bb][vc_column][\/vc_column][\/vc_row][vc_row][vc_column][vc_raw_html]JTVCd3BzZW9fYnJlYWRjcnVtYiU1RA==[\/vc_raw_html][\/vc_column][\/vc_row][vc_row css=\u00a0\u00bb.vc_custom_1486438573732{margin-bottom: 80px !important;}\u00a0\u00bb][vc_column width=\u00a0\u00bb1\/2&Prime;][vc_column_text size=\u00a0\u00bb0&Prime; css=\u00a0\u00bb.vc_custom_1613385889071{margin-top: 20px !important;padding-top: 20px !important;}\u00a0\u00bb] Contactez-nous Dans l&rsquo;h\u00f4tel Castello, chaque s\u00e9jour est une histoire en soi, un r\u00e9cit fait de petites attentions et de grandes exp\u00e9riences \u00e0 vivre \u00e0 l&rsquo;int\u00e9rieur et \u00e0 l&rsquo;ext\u00e9rieur de l&rsquo;h\u00f4tel. Appelez-nous, \u00e9crivez-nous ou rendez-nous visite.[\/vc_column_text][vc_raw_html css=\u00a0\u00bb.vc_custom_1609777305807{padding-top: &hellip;<\/p>\n","protected":false},"author":1,"featured_media":0,"parent":0,"menu_order":0,"comment_status":"closed","ping_status":"closed","template":"","meta":[],"tags":[],"yoast_head":"<!-- This site is optimized with the Yoast SEO plugin v15.8 - https:\/\/yoast.com\/wordpress\/plugins\/seo\/ -->\n<title>Comment nous contacter | Hotel Castello Budoni<\/title>\n<meta name=\"description\" content=\"Chaque s\u00e9jour est une histoire en soi, un r\u00e9cit fait de petites attentions et de grandes exp\u00e9riences \u00e0 vivre \u00e0 l&#039;int\u00e9rieur et \u00e0 l&#039;ext\u00e9rieur de l&#039;h\u00f4tel.\" \/>\n<meta name=\"robots\" content=\"index, follow, max-snippet:-1, max-image-preview:large, max-video-preview:-1\" \/>\n<link rel=\"canonical\" href=\"https:\/\/www.castellobudoni.com\/fr\/contactez-nous\/\" \/>\n<meta property=\"og:locale\" content=\"fr_FR\" \/>\n<meta property=\"og:type\" content=\"article\" \/>\n<meta property=\"og:title\" content=\"Comment nous contacter | Hotel Castello Budoni\" \/>\n<meta property=\"og:description\" content=\"Chaque s\u00e9jour est une histoire en soi, un r\u00e9cit fait de petites attentions et de grandes exp\u00e9riences \u00e0 vivre \u00e0 l&#039;int\u00e9rieur et \u00e0 l&#039;ext\u00e9rieur de l&#039;h\u00f4tel.\" \/>\n<meta property=\"og:url\" content=\"https:\/\/www.castellobudoni.com\/fr\/contactez-nous\/\" \/>\n<meta property=\"og:site_name\" content=\"Hotel Castello Budoni\" \/>\n<meta property=\"article:modified_time\" content=\"2021-03-02T09:26:45+00:00\" \/>\n<meta name=\"twitter:card\" content=\"summary_large_image\" \/>\n<script type=\"application\/ld+json\" class=\"yoast-schema-graph\">{\"@context\":\"https:\/\/schema.org\",\"@graph\":[{\"@type\":\"Organization\",\"@id\":\"https:\/\/www.castellobudoni.com\/#organization\",\"name\":\"Hotel Castello\",\"url\":\"https:\/\/www.castellobudoni.com\/\",\"sameAs\":[],\"logo\":{\"@type\":\"ImageObject\",\"@id\":\"https:\/\/www.castellobudoni.com\/#logo\",\"inLanguage\":\"fr-FR\",\"url\":\"https:\/\/www.castellobudoni.com\/wp-content\/uploads\/2021\/02\/hotel-castello-logo-email.png\",\"width\":604,\"height\":80,\"caption\":\"Hotel Castello\"},\"image\":{\"@id\":\"https:\/\/www.castellobudoni.com\/#logo\"}},{\"@type\":\"WebSite\",\"@id\":\"https:\/\/www.castellobudoni.com\/#website\",\"url\":\"https:\/\/www.castellobudoni.com\/\",\"name\":\"Hotel Castello Budoni\",\"description\":\"\",\"publisher\":{\"@id\":\"https:\/\/www.castellobudoni.com\/#organization\"},\"potentialAction\":[{\"@type\":\"SearchAction\",\"target\":\"https:\/\/www.castellobudoni.com\/?s={search_term_string}\",\"query-input\":\"required name=search_term_string\"}],\"inLanguage\":\"fr-FR\"},{\"@type\":\"WebPage\",\"@id\":\"https:\/\/www.castellobudoni.com\/fr\/contactez-nous\/#webpage\",\"url\":\"https:\/\/www.castellobudoni.com\/fr\/contactez-nous\/\",\"name\":\"Comment nous contacter | Hotel Castello Budoni\",\"isPartOf\":{\"@id\":\"https:\/\/www.castellobudoni.com\/#website\"},\"datePublished\":\"2021-02-15T10:45:10+00:00\",\"dateModified\":\"2021-03-02T09:26:45+00:00\",\"description\":\"Chaque s\\u00e9jour est une histoire en soi, un r\\u00e9cit fait de petites attentions et de grandes exp\\u00e9riences \\u00e0 vivre \\u00e0 l'int\\u00e9rieur et \\u00e0 l'ext\\u00e9rieur de l'h\\u00f4tel.\",\"breadcrumb\":{\"@id\":\"https:\/\/www.castellobudoni.com\/fr\/contactez-nous\/#breadcrumb\"},\"inLanguage\":\"fr-FR\",\"potentialAction\":[{\"@type\":\"ReadAction\",\"target\":[\"https:\/\/www.castellobudoni.com\/fr\/contactez-nous\/\"]}]},{\"@type\":\"BreadcrumbList\",\"@id\":\"https:\/\/www.castellobudoni.com\/fr\/contactez-nous\/#breadcrumb\",\"itemListElement\":[{\"@type\":\"ListItem\",\"position\":1,\"item\":{\"@type\":\"WebPage\",\"@id\":\"https:\/\/www.castellobudoni.com\/fr\/\",\"url\":\"https:\/\/www.castellobudoni.com\/fr\/\",\"name\":\"Home\"}},{\"@type\":\"ListItem\",\"position\":2,\"item\":{\"@type\":\"WebPage\",\"@id\":\"https:\/\/www.castellobudoni.com\/fr\/contactez-nous\/\",\"url\":\"https:\/\/www.castellobudoni.com\/fr\/contactez-nous\/\",\"name\":\"Contactez-nous\"}}]}]}<\/script>\n<!-- \/ Yoast SEO plugin. -->","_links":{"self":[{"href":"https:\/\/www.castellobudoni.com\/fr\/wp-json\/wp\/v2\/pages\/5170"}],"collection":[{"href":"https:\/\/www.castellobudoni.com\/fr\/wp-json\/wp\/v2\/pages"}],"about":[{"href":"https:\/\/www.castellobudoni.com\/fr\/wp-json\/wp\/v2\/types\/page"}],"author":[{"embeddable":true,"href":"https:\/\/www.castellobudoni.com\/fr\/wp-json\/wp\/v2\/users\/1"}],"replies":[{"embeddable":true,"href":"https:\/\/www.castellobudoni.com\/fr\/wp-json\/wp\/v2\/comments?post=5170"}],"version-history":[{"count":3,"href":"https:\/\/www.castellobudoni.com\/fr\/wp-json\/wp\/v2\/pages\/5170\/revisions"}],"predecessor-version":[{"id":5595,"href":"https:\/\/www.castellobudoni.com\/fr\/wp-json\/wp\/v2\/pages\/5170\/revisions\/5595"}],"wp:attachment":[{"href":"https:\/\/www.castellobudoni.com\/fr\/wp-json\/wp\/v2\/media?parent=5170"}],"wp:term":[{"taxonomy":"post_tag","embeddable":true,"href":"https:\/\/www.castellobudoni.com\/fr\/wp-json\/wp\/v2\/tags?post=5170"}],"curies":[{"name":"wp","href":"https:\/\/api.w.org\/{rel}","templated":true}]}}