{"id":5146,"date":"2021-02-11T15:24:04","date_gmt":"2021-02-11T14:24:04","guid":{"rendered":"https:\/\/hotelcastello.hub-core.com\/?page_id=5146"},"modified":"2021-02-25T14:27:05","modified_gmt":"2021-02-25T13:27:05","slug":"politique-cookies","status":"publish","type":"page","link":"https:\/\/www.castellobudoni.com\/fr\/politique-cookies\/","title":{"rendered":"Politique en mati\u00e8re de cookies"},"content":{"rendered":"<p>[vc_row css=\u00a0\u00bb.vc_custom_1610034498885{padding-top: 20px !important;}\u00a0\u00bb][vc_column][vc_raw_html]JTVCd3BzZW9fYnJlYWRjcnVtYiU1RA==[\/vc_raw_html][\/vc_column][\/vc_row][vc_row][vc_column][vc_column_text size=\u00a0\u00bb0&Prime;]<\/p>\n<h1>Politique en mati\u00e8re de cookies de hotelbudoni.com<\/h1>\n<p>Les cookies sont des portions de code install\u00e9es dans le navigateur qui aident le propri\u00e9taire \u00e0 fournir le service conform\u00e9ment aux objectifs d\u00e9crits. Certaines des fins pour lesquelles les cookies sont install\u00e9s peuvent \u00e9galement n\u00e9cessiter le consentement de l&rsquo;utilisateur.<\/p>\n<p>Lorsque les cookies sont install\u00e9s sur la base d&rsquo;un consentement, ce consentement peut \u00eatre librement r\u00e9voqu\u00e9 \u00e0 tout moment en suivant les instructions contenues dans le pr\u00e9sent document.<\/p>\n<p>Cette Application utilise des Cookies commun\u00e9ment appel\u00e9s \u00ab\u00a0techniques\u00a0\u00bb ou d&rsquo;autres outils de suivi similaires pour mener \u00e0 bien les activit\u00e9s strictement n\u00e9cessaires pour assurer le fonctionnement ou la fourniture du Service.<\/p>\n<h2>Mesure<\/h2>\n<p>Cette application utilise des outils de suivi pour mesurer le trafic et analyser le comportement des utilisateurs dans le but d&rsquo;am\u00e9liorer le service.<\/p>\n<h2>Statistiques<\/h2>\n<p>Les services contenus dans cette section permettent au contr\u00f4leur des donn\u00e9es de surveiller et d&rsquo;analyser les donn\u00e9es relatives au trafic et servent \u00e0 suivre le comportement des utilisateurs.<\/p>\n<p><strong>Google Analytics (Google Ireland Limited)<\/strong><br \/>\nGoogle Analytics est un service d&rsquo;analyse web fourni par Google Ireland Limited (\u00ab\u00a0Google\u00a0\u00bb). Google utilise les Donn\u00e9es Personnelles collect\u00e9es dans le but de tracer et d&rsquo;examiner l&rsquo;utilisation de cette Application, de compiler des rapports et de les partager avec d&rsquo;autres services d\u00e9velopp\u00e9s par Google.<br \/>\nGoogle peut utiliser les donn\u00e9es personnelles pour contextualiser et personnaliser les annonces de son r\u00e9seau publicitaire.<br \/>\nDonn\u00e9es \u00e0 caract\u00e8re personnel trait\u00e9es : Cookies et donn\u00e9es d&rsquo;utilisation.<\/p>\n<p>Lieu de traitement : Irlande &#8211; Politique de confidentialit\u00e9 &#8211; Opt Out.<\/p>\n<h2>Comment g\u00e9rer les pr\u00e9f\u00e9rences et donner ou r\u00e9voquer le consentement<\/h2>\n<p>Il existe plusieurs fa\u00e7ons de g\u00e9rer vos pr\u00e9f\u00e9rences concernant les outils de suivi et de donner ou de retirer votre consentement si n\u00e9cessaire :<\/p>\n<p>Les utilisateurs peuvent g\u00e9rer leurs pr\u00e9f\u00e9rences en mati\u00e8re d&rsquo;outils de suivi directement dans les param\u00e8tres de leur appareil &#8211; par exemple, ils peuvent emp\u00eacher l&rsquo;utilisation ou le stockage des outils de suivi.<\/p>\n<p>En outre, lorsque l&rsquo;utilisation des outils de suivi d\u00e9pend du consentement, les utilisateurs peuvent donner ou r\u00e9voquer ce consentement en d\u00e9finissant leurs pr\u00e9f\u00e9rences dans la politique en mati\u00e8re de cookies ou en mettant \u00e0 jour ces pr\u00e9f\u00e9rences via le widget des param\u00e8tres de suivi, le cas \u00e9ch\u00e9ant.<\/p>\n<p>Il est \u00e9galement possible de supprimer les outils de suivi pr\u00e9c\u00e9demment enregistr\u00e9s gr\u00e2ce \u00e0 des fonctions sp\u00e9ciales du navigateur ou de l&rsquo;appareil.<\/p>\n<p>Les autres outils de suivi pr\u00e9sents dans la m\u00e9moire locale du navigateur peuvent \u00eatre supprim\u00e9s en effa\u00e7ant l&rsquo;historique de navigation.<\/p>\n<p>En ce qui concerne les outils de suivi des tiers, les utilisateurs peuvent g\u00e9rer leurs pr\u00e9f\u00e9rences et r\u00e9voquer leur consentement en visitant le lien de d\u00e9sengagement appropri\u00e9 (si disponible), en utilisant les outils d\u00e9crits dans la politique de confidentialit\u00e9 du tiers ou en contactant directement le tiers.<\/p>\n<p>Nonobstant ce qui pr\u00e9c\u00e8de, les utilisateurs sont inform\u00e9s qu&rsquo;ils peuvent profiter des informations disponibles sur YourOnlineChoices (UE), Network Advertising Initiative (\u00c9tats-Unis) et Digital Advertising Alliance (\u00c9tats-Unis), DAAC (Canada), DDAI (Japon) ou d&rsquo;autres services similaires. Gr\u00e2ce \u00e0 ces services, il est possible de g\u00e9rer les pr\u00e9f\u00e9rences de suivi de la plupart des outils publicitaires. Par cons\u00e9quent, nous vous recommandons d&rsquo;utiliser ces ressources en plus des informations fournies ici.<\/p>\n<p>La Digital Advertising Alliance propose \u00e9galement une application appel\u00e9e AppChoices qui aide les utilisateurs \u00e0 contr\u00f4ler la publicit\u00e9 comportementale sur les applications mobiles.<\/p>\n<h2>Contr\u00f4leur de donn\u00e9es<\/h2>\n<p>ZC S.r.l.<br \/>\nLoc Istolo snc<br \/>\n08026 Orani (NU)<\/p>\n<p>Adresse \u00e9lectronique du propri\u00e9taire : info@castellobudoni.it<\/p>\n<p>\u00c9tant donn\u00e9 que l&rsquo;installation de Cookies et autres syst\u00e8mes de suivi par des tiers par le biais des services utilis\u00e9s dans cette Application ne peut \u00eatre techniquement contr\u00f4l\u00e9e par le Propri\u00e9taire, toute r\u00e9f\u00e9rence sp\u00e9cifique aux Cookies et syst\u00e8mes de suivi install\u00e9s par des tiers doit \u00eatre consid\u00e9r\u00e9e comme indicative. Pour obtenir des informations compl\u00e8tes, l&rsquo;utilisateur est invit\u00e9 \u00e0 consulter la politique de confidentialit\u00e9 des services tiers \u00e9num\u00e9r\u00e9s dans le pr\u00e9sent document.<\/p>\n<p>Compte tenu de la complexit\u00e9 objective de l&rsquo;identification des technologies bas\u00e9es sur les Cookies, l&rsquo;Utilisateur est invit\u00e9 \u00e0 contacter le Propri\u00e9taire s&rsquo;il souhaite recevoir de plus amples informations sur l&rsquo;utilisation des Cookies par le biais de cette Application.<\/p>\n<p>&nbsp;<\/p>\n<p><a href=\"https:\/\/www.iubenda.com\/privacy-policy\/8087287\/legal\" target=\"_blank\" rel=\"noopener\">Consultez la politique de confidentialit\u00e9 compl\u00e8te et actualis\u00e9e, en langue italienne.<\/a><\/p>\n<p>[\/vc_column_text][\/vc_column][\/vc_row]<\/p>\n","protected":false},"excerpt":{"rendered":"<p>[vc_row css=\u00a0\u00bb.vc_custom_1610034498885{padding-top: 20px !important;}\u00a0\u00bb][vc_column][vc_raw_html]JTVCd3BzZW9fYnJlYWRjcnVtYiU1RA==[\/vc_raw_html][\/vc_column][\/vc_row][vc_row][vc_column][vc_column_text size=\u00a0\u00bb0&Prime;] Politique en mati\u00e8re de cookies de hotelbudoni.com Les cookies sont des portions de code install\u00e9es dans le navigateur qui aident le propri\u00e9taire \u00e0 fournir le service conform\u00e9ment aux objectifs d\u00e9crits. Certaines des fins pour lesquelles les cookies sont install\u00e9s peuvent \u00e9galement n\u00e9cessiter le consentement de l&rsquo;utilisateur. Lorsque les cookies sont &hellip;<\/p>\n","protected":false},"author":1,"featured_media":0,"parent":0,"menu_order":0,"comment_status":"closed","ping_status":"closed","template":"","meta":[],"tags":[],"yoast_head":"<!-- This site is optimized with the Yoast SEO plugin v15.8 - https:\/\/yoast.com\/wordpress\/plugins\/seo\/ -->\n<title>Politique en mati\u00e8re de cookies | Hotel Castello Budoni<\/title>\n<meta name=\"description\" content=\"Politique en mati\u00e8re de cookies : le site n&#039;utilise que des cookies techniques et de navigation, n\u00e9cessaires au bon fonctionnement du site.\" \/>\n<meta name=\"robots\" content=\"index, follow, max-snippet:-1, max-image-preview:large, max-video-preview:-1\" \/>\n<link rel=\"canonical\" href=\"https:\/\/www.castellobudoni.com\/fr\/politique-cookies\/\" \/>\n<meta property=\"og:locale\" content=\"fr_FR\" \/>\n<meta property=\"og:type\" content=\"article\" \/>\n<meta property=\"og:title\" content=\"Politique en mati\u00e8re de cookies | Hotel Castello Budoni\" \/>\n<meta property=\"og:description\" content=\"Politique en mati\u00e8re de cookies : le site n&#039;utilise que des cookies techniques et de navigation, n\u00e9cessaires au bon fonctionnement du site.\" \/>\n<meta property=\"og:url\" content=\"https:\/\/www.castellobudoni.com\/fr\/politique-cookies\/\" \/>\n<meta property=\"og:site_name\" content=\"Hotel Castello Budoni\" \/>\n<meta property=\"article:modified_time\" content=\"2021-02-25T13:27:05+00:00\" \/>\n<meta name=\"twitter:card\" content=\"summary_large_image\" \/>\n<script type=\"application\/ld+json\" class=\"yoast-schema-graph\">{\"@context\":\"https:\/\/schema.org\",\"@graph\":[{\"@type\":\"Organization\",\"@id\":\"https:\/\/www.castellobudoni.com\/#organization\",\"name\":\"Hotel Castello\",\"url\":\"https:\/\/www.castellobudoni.com\/\",\"sameAs\":[],\"logo\":{\"@type\":\"ImageObject\",\"@id\":\"https:\/\/www.castellobudoni.com\/#logo\",\"inLanguage\":\"fr-FR\",\"url\":\"https:\/\/www.castellobudoni.com\/wp-content\/uploads\/2021\/02\/hotel-castello-logo-email.png\",\"width\":604,\"height\":80,\"caption\":\"Hotel Castello\"},\"image\":{\"@id\":\"https:\/\/www.castellobudoni.com\/#logo\"}},{\"@type\":\"WebSite\",\"@id\":\"https:\/\/www.castellobudoni.com\/#website\",\"url\":\"https:\/\/www.castellobudoni.com\/\",\"name\":\"Hotel Castello Budoni\",\"description\":\"\",\"publisher\":{\"@id\":\"https:\/\/www.castellobudoni.com\/#organization\"},\"potentialAction\":[{\"@type\":\"SearchAction\",\"target\":\"https:\/\/www.castellobudoni.com\/?s={search_term_string}\",\"query-input\":\"required name=search_term_string\"}],\"inLanguage\":\"fr-FR\"},{\"@type\":\"WebPage\",\"@id\":\"https:\/\/www.castellobudoni.com\/fr\/politique-cookies\/#webpage\",\"url\":\"https:\/\/www.castellobudoni.com\/fr\/politique-cookies\/\",\"name\":\"Politique en mati\\u00e8re de cookies | Hotel Castello Budoni\",\"isPartOf\":{\"@id\":\"https:\/\/www.castellobudoni.com\/#website\"},\"datePublished\":\"2021-02-11T14:24:04+00:00\",\"dateModified\":\"2021-02-25T13:27:05+00:00\",\"description\":\"Politique en mati\\u00e8re de cookies : le site n'utilise que des cookies techniques et de navigation, n\\u00e9cessaires au bon fonctionnement du site.\",\"breadcrumb\":{\"@id\":\"https:\/\/www.castellobudoni.com\/fr\/politique-cookies\/#breadcrumb\"},\"inLanguage\":\"fr-FR\",\"potentialAction\":[{\"@type\":\"ReadAction\",\"target\":[\"https:\/\/www.castellobudoni.com\/fr\/politique-cookies\/\"]}]},{\"@type\":\"BreadcrumbList\",\"@id\":\"https:\/\/www.castellobudoni.com\/fr\/politique-cookies\/#breadcrumb\",\"itemListElement\":[{\"@type\":\"ListItem\",\"position\":1,\"item\":{\"@type\":\"WebPage\",\"@id\":\"https:\/\/www.castellobudoni.com\/fr\/\",\"url\":\"https:\/\/www.castellobudoni.com\/fr\/\",\"name\":\"Home\"}},{\"@type\":\"ListItem\",\"position\":2,\"item\":{\"@type\":\"WebPage\",\"@id\":\"https:\/\/www.castellobudoni.com\/fr\/politique-cookies\/\",\"url\":\"https:\/\/www.castellobudoni.com\/fr\/politique-cookies\/\",\"name\":\"Politique en mati\\u00e8re de cookies\"}}]}]}<\/script>\n<!-- \/ Yoast SEO plugin. -->","_links":{"self":[{"href":"https:\/\/www.castellobudoni.com\/fr\/wp-json\/wp\/v2\/pages\/5146"}],"collection":[{"href":"https:\/\/www.castellobudoni.com\/fr\/wp-json\/wp\/v2\/pages"}],"about":[{"href":"https:\/\/www.castellobudoni.com\/fr\/wp-json\/wp\/v2\/types\/page"}],"author":[{"embeddable":true,"href":"https:\/\/www.castellobudoni.com\/fr\/wp-json\/wp\/v2\/users\/1"}],"replies":[{"embeddable":true,"href":"https:\/\/www.castellobudoni.com\/fr\/wp-json\/wp\/v2\/comments?post=5146"}],"version-history":[{"count":3,"href":"https:\/\/www.castellobudoni.com\/fr\/wp-json\/wp\/v2\/pages\/5146\/revisions"}],"predecessor-version":[{"id":5803,"href":"https:\/\/www.castellobudoni.com\/fr\/wp-json\/wp\/v2\/pages\/5146\/revisions\/5803"}],"wp:attachment":[{"href":"https:\/\/www.castellobudoni.com\/fr\/wp-json\/wp\/v2\/media?parent=5146"}],"wp:term":[{"taxonomy":"post_tag","embeddable":true,"href":"https:\/\/www.castellobudoni.com\/fr\/wp-json\/wp\/v2\/tags?post=5146"}],"curies":[{"name":"wp","href":"https:\/\/api.w.org\/{rel}","templated":true}]}}