{"id":5171,"date":"2021-02-15T11:42:07","date_gmt":"2021-02-15T10:42:07","guid":{"rendered":"https:\/\/hotelcastello.hub-core.com\/?page_id=5171"},"modified":"2021-02-24T11:19:28","modified_gmt":"2021-02-24T10:19:28","slug":"uns-kontaktieren","status":"publish","type":"page","link":"https:\/\/www.castellobudoni.com\/de\/uns-kontaktieren\/","title":{"rendered":"Uns kontaktieren"},"content":{"rendered":"<p>[vc_row full_width=&#8220;stretch_row&#8220; parallax=&#8220;content-moving&#8220; parallax_image=&#8220;4731&#8243; css=&#8220;.vc_custom_1609770233612{padding-top: 150px !important;padding-bottom: 80px !important;}&#8220;][vc_column]<div class=\"awe-special-heading text-center\" style=\"color:#ffffff;\"><h1>Kontakt<\/h1><\/div>[\/vc_column][\/vc_row][vc_row][vc_column][vc_raw_html]JTVCd3BzZW9fYnJlYWRjcnVtYiU1RA==[\/vc_raw_html][\/vc_column][\/vc_row][vc_row css=&#8220;.vc_custom_1486438573732{margin-bottom: 80px !important;}&#8220;][vc_column width=&#8220;1\/2&#8243;][vc_column_text size=&#8220;0&#8243; css=&#8220;.vc_custom_1613385719532{margin-top: 20px !important;padding-top: 20px !important;}&#8220;]<\/p>\n<h2>Kontaktieren Sie uns<\/h2>\n<p>Im Hotel Castello ist jeder Aufenthalt eine Geschichte f\u00fcr sich, eine Geschichte, die aus kleinen Aufmerksamkeiten und gro\u00dfen Erlebnissen besteht, die man innerhalb und au\u00dferhalb des Hotels erleben kann.<\/p>\n<p>Rufen Sie uns an, schreiben Sie uns oder besuchen Sie uns.[\/vc_column_text][vc_raw_html css=&#8220;.vc_custom_1609777305807{padding-top: 20px !important;padding-bottom: 20px !important;}&#8220;]JTNDZGl2JTIwY2xhc3MlM0QlMjJjb250YWN0JTIyJTNFJTBBJTA5JTNDdWwlMjBjbGFzcyUzRCUyMnRleHQlMjIlM0UlMEElMDklMjAlMjAlMjAlMjAlM0NsaSUzRSUzQ2klMjBjbGFzcyUzRCUyMmljb24lMjBoaWxsdGVyLWljb24tbG9jYXRpb24lMjIlM0UlM0MlMkZpJTNFU3RyYWRhJTIwUHJvdmluY2lhbGUlMjAxJTJDJTIwa20lMjA1LjAyMCUyMCVDMiVCNyUyMEJ1ZG9uaSUyMCUyOFNTJTI5JTNDJTJGbGklM0UlMEElMDklMjAlMjAlMjAlMjAlM0NsaSUzRSUzQ2klMjBjbGFzcyUzRCUyMmljb24lMjBoaWxsdGVyLWljb24tcGhvbmUlMjIlM0UlM0MlMkZpJTNFJTJCMzklMjAwNzg0JTIwODQ2MTM4JTNDJTJGbGklM0UlMEElMDklMjAlMjAlMjAlMjAlM0NsaSUzRSUzQ2klMjBjbGFzcyUzRCUyMmljb24lMjBmYSUyMGZhLWVudmVsb3BlLW8lMjIlM0UlM0MlMkZpJTNFaW5mbyU0MGNhc3RlbGxvYnVkb25pLmNvbSUzQyUyRmxpJTNFJTBBJTA5JTNDJTJGdWwlM0UlMEElM0MlMkZkaXYlM0U=[\/vc_raw_html][\/vc_column][vc_column width=&#8220;1\/2&#8243;]<div role=\"form\" class=\"wpcf7\" id=\"wpcf7-f5535-o1\" lang=\"it-IT\" dir=\"ltr\">\n<div class=\"screen-reader-response\"><p role=\"status\" aria-live=\"polite\" aria-atomic=\"true\"><\/p> <ul><\/ul><\/div>\n<form action=\"\/de\/wp-json\/wp\/v2\/pages\/5171#wpcf7-f5535-o1\" method=\"post\" class=\"wpcf7-form init\" novalidate=\"novalidate\" data-status=\"init\">\n<div style=\"display: none;\">\n<input type=\"hidden\" name=\"_wpcf7\" value=\"5535\" \/>\n<input type=\"hidden\" name=\"_wpcf7_version\" value=\"5.3.2\" \/>\n<input type=\"hidden\" name=\"_wpcf7_locale\" value=\"it_IT\" \/>\n<input type=\"hidden\" name=\"_wpcf7_unit_tag\" value=\"wpcf7-f5535-o1\" \/>\n<input type=\"hidden\" name=\"_wpcf7_container_post\" value=\"0\" \/>\n<input type=\"hidden\" name=\"_wpcf7_posted_data_hash\" value=\"\" \/>\n<input type=\"hidden\" name=\"_wpcf7_recaptcha_response\" value=\"\" \/>\n<\/div>\n<div class=\"contact-form\">\n<div class=\"row\">\n<div class=\"col-sm-6\">\n    <span class=\"wpcf7-form-control-wrap your-name\"><input type=\"text\" name=\"your-name\" value=\"\" size=\"40\" class=\"wpcf7-form-control wpcf7-text wpcf7-validates-as-required field-text\" aria-required=\"true\" aria-invalid=\"false\" placeholder=\"Name\" \/><\/span> <\/div>\n<div class=\"col-sm-6\">\n    <span class=\"wpcf7-form-control-wrap your-surname\"><input type=\"text\" name=\"your-surname\" value=\"\" size=\"40\" class=\"wpcf7-form-control wpcf7-text wpcf7-validates-as-required field-text\" aria-required=\"true\" aria-invalid=\"false\" placeholder=\"Nachname\" \/><\/span> <\/div>\n<div class=\"col-sm-12\">\n    <span class=\"wpcf7-form-control-wrap your-email\"><input type=\"email\" name=\"your-email\" value=\"\" size=\"40\" class=\"wpcf7-form-control wpcf7-text wpcf7-email wpcf7-validates-as-required wpcf7-validates-as-email field-text\" aria-required=\"true\" aria-invalid=\"false\" placeholder=\"Email\" \/><\/span> <\/div>\n<div class=\"col-sm-12\">\n    <span class=\"wpcf7-form-control-wrap your-subject\"><input type=\"text\" name=\"your-subject\" value=\"\" size=\"40\" class=\"wpcf7-form-control wpcf7-text field-text\" aria-invalid=\"false\" placeholder=\"Subjekt\" \/><\/span> <\/div>\n<div class=\"col-sm-12\">\n    <span class=\"wpcf7-form-control-wrap your-message\"><textarea name=\"your-message\" cols=\"40\" rows=\"10\" class=\"wpcf7-form-control wpcf7-textarea field-textarea\" aria-invalid=\"false\" placeholder=\"Ihre Nachricht\"><\/textarea><\/span> <\/div>\n<div class=\"col-sm-12\">\n<span class=\"wpcf7-form-control-wrap acceptance\"><span class=\"wpcf7-form-control wpcf7-acceptance\"><span class=\"wpcf7-list-item\"><label><input type=\"checkbox\" name=\"acceptance\" value=\"1\" aria-invalid=\"false\" class=\"acceptance\" \/><span class=\"wpcf7-list-item-label\">Ich erm\u00e4chtige Hotel Castello zur Verarbeitung meiner pers\u00f6nlichen Daten.<\/span><\/label><\/span><\/span><\/span>\n\t\t<\/div>\n<div class=\"col-sm-12\" style=\"font-size:10px;\">\nDamit Sie die Nachricht senden k\u00f6nnen, m\u00fcssen wir Ihre personenbezogenen Daten speichern und verarbeiten. Sie k\u00f6nnen Ihre Meinung jederzeit \u00e4ndern. Weitere Informationen finden Sie in unserer Datenschutzrichtlinie.\n\t\t<\/div>\n<div class=\"col-sm-6\">\n<input type=\"submit\" value=\"Senden\" class=\"wpcf7-form-control wpcf7-submit awe-btn awe-btn-default\" \/><\/div><\/div>\n<\/div>\n<div class=\"wpcf7-response-output\" aria-hidden=\"true\"><\/div><\/form><\/div>[\/vc_column][\/vc_row][vc_row full_width=&#8220;stretch_row_content_no_spaces&#8220; css=&#8220;.vc_custom_1440979319669{margin-bottom: 0px !important;}&#8220;][vc_column][vc_raw_html]JTNDaWZyYW1lJTIwc3JjJTNEJTIyaHR0cHMlM0ElMkYlMkZ3d3cuZ29vZ2xlLmNvbSUyRm1hcHMlMkZlbWJlZCUzRnBiJTNEJTIxMW0xOCUyMTFtMTIlMjExbTMlMjExZDY3NjUzOC4yMzA1NjUwMjclMjEyZDEwLjE1MDE3MjE5MjY1NjM3NCUyMTNkNDAuNjUzMjE0MTgzNzcwMDklMjEybTMlMjExZjAlMjEyZjAlMjEzZjAlMjEzbTIlMjExaTEwMjQlMjEyaTc2OCUyMTRmMTMuMSUyMTNtMyUyMTFtMiUyMTFzMHgxMmRlYzU2MDU5NGQ0ZmFiJTI1M0EweGQ5YTFiM2IyOTFkNGVkMTElMjEyc0hvdGVsJTI1MjBDYXN0ZWxsbyUyNTIwQnVkb25pJTIxNWUwJTIxM20yJTIxMXNpdCUyMTJzaXQlMjE0djE2MTAxMDI3MzY5ODclMjE1bTIlMjExc2l0JTIxMnNpdCUyMiUyMHdpZHRoJTNEJTIyMTAwJTI1JTIyJTIwaGVpZ2h0JTNEJTIyNDAwJTIyJTIwZnJhbWVib3JkZXIlM0QlMjIwJTIyJTIwc3R5bGUlM0QlMjJib3JkZXIlM0EwJTNCJTIyJTIwYWxsb3dmdWxsc2NyZWVuJTNEJTIyJTIyJTIwYXJpYS1oaWRkZW4lM0QlMjJmYWxzZSUyMiUyMHRhYmluZGV4JTNEJTIyMCUyMiUzRSUzQyUyRmlmcmFtZSUzRQ==[\/vc_raw_html][\/vc_column][\/vc_row]<\/p>\n","protected":false},"excerpt":{"rendered":"<p>[vc_row full_width=&#8220;stretch_row&#8220; parallax=&#8220;content-moving&#8220; parallax_image=&#8220;4731&#8243; css=&#8220;.vc_custom_1609770233612{padding-top: 150px !important;padding-bottom: 80px !important;}&#8220;][vc_column][\/vc_column][\/vc_row][vc_row][vc_column][vc_raw_html]JTVCd3BzZW9fYnJlYWRjcnVtYiU1RA==[\/vc_raw_html][\/vc_column][\/vc_row][vc_row css=&#8220;.vc_custom_1486438573732{margin-bottom: 80px !important;}&#8220;][vc_column width=&#8220;1\/2&#8243;][vc_column_text size=&#8220;0&#8243; css=&#8220;.vc_custom_1613385719532{margin-top: 20px !important;padding-top: 20px !important;}&#8220;] Kontaktieren Sie uns Im Hotel Castello ist jeder Aufenthalt eine Geschichte f\u00fcr sich, eine Geschichte, die aus kleinen Aufmerksamkeiten und gro\u00dfen Erlebnissen besteht, die man innerhalb und au\u00dferhalb des Hotels erleben kann. Rufen Sie uns an, &hellip;<\/p>\n","protected":false},"author":1,"featured_media":0,"parent":0,"menu_order":0,"comment_status":"closed","ping_status":"closed","template":"","meta":[],"tags":[],"yoast_head":"<!-- This site is optimized with the Yoast SEO plugin v15.8 - https:\/\/yoast.com\/wordpress\/plugins\/seo\/ -->\n<title>Wie Sie uns kontaktieren k\u00f6nnen | Hotel Castello Budoni<\/title>\n<meta name=\"description\" content=\"Jeder Aufenthalt ist eine Geschichte, die aus kleinen Aufmerksamkeiten und gro\u00dfen Erlebnissen innerhalb und au\u00dferhalb des Hotels besteht.\" \/>\n<meta name=\"robots\" content=\"index, follow, max-snippet:-1, max-image-preview:large, max-video-preview:-1\" \/>\n<link rel=\"canonical\" href=\"https:\/\/www.castellobudoni.com\/de\/uns-kontaktieren\/\" \/>\n<meta property=\"og:locale\" content=\"de_DE\" \/>\n<meta property=\"og:type\" content=\"article\" \/>\n<meta property=\"og:title\" content=\"Wie Sie uns kontaktieren k\u00f6nnen | Hotel Castello Budoni\" \/>\n<meta property=\"og:description\" content=\"Jeder Aufenthalt ist eine Geschichte, die aus kleinen Aufmerksamkeiten und gro\u00dfen Erlebnissen innerhalb und au\u00dferhalb des Hotels besteht.\" \/>\n<meta property=\"og:url\" content=\"https:\/\/www.castellobudoni.com\/de\/uns-kontaktieren\/\" \/>\n<meta property=\"og:site_name\" content=\"Hotel Castello Budoni\" \/>\n<meta property=\"article:modified_time\" content=\"2021-02-24T10:19:28+00:00\" \/>\n<meta name=\"twitter:card\" content=\"summary_large_image\" \/>\n<script type=\"application\/ld+json\" class=\"yoast-schema-graph\">{\"@context\":\"https:\/\/schema.org\",\"@graph\":[{\"@type\":\"Organization\",\"@id\":\"https:\/\/www.castellobudoni.com\/#organization\",\"name\":\"Hotel Castello\",\"url\":\"https:\/\/www.castellobudoni.com\/\",\"sameAs\":[],\"logo\":{\"@type\":\"ImageObject\",\"@id\":\"https:\/\/www.castellobudoni.com\/#logo\",\"inLanguage\":\"de-DE\",\"url\":\"https:\/\/www.castellobudoni.com\/wp-content\/uploads\/2021\/02\/hotel-castello-logo-email.png\",\"width\":604,\"height\":80,\"caption\":\"Hotel Castello\"},\"image\":{\"@id\":\"https:\/\/www.castellobudoni.com\/#logo\"}},{\"@type\":\"WebSite\",\"@id\":\"https:\/\/www.castellobudoni.com\/#website\",\"url\":\"https:\/\/www.castellobudoni.com\/\",\"name\":\"Hotel Castello Budoni\",\"description\":\"\",\"publisher\":{\"@id\":\"https:\/\/www.castellobudoni.com\/#organization\"},\"potentialAction\":[{\"@type\":\"SearchAction\",\"target\":\"https:\/\/www.castellobudoni.com\/?s={search_term_string}\",\"query-input\":\"required name=search_term_string\"}],\"inLanguage\":\"de-DE\"},{\"@type\":\"WebPage\",\"@id\":\"https:\/\/www.castellobudoni.com\/de\/uns-kontaktieren\/#webpage\",\"url\":\"https:\/\/www.castellobudoni.com\/de\/uns-kontaktieren\/\",\"name\":\"Wie Sie uns kontaktieren k\\u00f6nnen | Hotel Castello Budoni\",\"isPartOf\":{\"@id\":\"https:\/\/www.castellobudoni.com\/#website\"},\"datePublished\":\"2021-02-15T10:42:07+00:00\",\"dateModified\":\"2021-02-24T10:19:28+00:00\",\"description\":\"Jeder Aufenthalt ist eine Geschichte, die aus kleinen Aufmerksamkeiten und gro\\u00dfen Erlebnissen innerhalb und au\\u00dferhalb des Hotels besteht.\",\"breadcrumb\":{\"@id\":\"https:\/\/www.castellobudoni.com\/de\/uns-kontaktieren\/#breadcrumb\"},\"inLanguage\":\"de-DE\",\"potentialAction\":[{\"@type\":\"ReadAction\",\"target\":[\"https:\/\/www.castellobudoni.com\/de\/uns-kontaktieren\/\"]}]},{\"@type\":\"BreadcrumbList\",\"@id\":\"https:\/\/www.castellobudoni.com\/de\/uns-kontaktieren\/#breadcrumb\",\"itemListElement\":[{\"@type\":\"ListItem\",\"position\":1,\"item\":{\"@type\":\"WebPage\",\"@id\":\"https:\/\/www.castellobudoni.com\/de\/\",\"url\":\"https:\/\/www.castellobudoni.com\/de\/\",\"name\":\"Home\"}},{\"@type\":\"ListItem\",\"position\":2,\"item\":{\"@type\":\"WebPage\",\"@id\":\"https:\/\/www.castellobudoni.com\/de\/uns-kontaktieren\/\",\"url\":\"https:\/\/www.castellobudoni.com\/de\/uns-kontaktieren\/\",\"name\":\"Uns kontaktieren\"}}]}]}<\/script>\n<!-- \/ Yoast SEO plugin. -->","_links":{"self":[{"href":"https:\/\/www.castellobudoni.com\/de\/wp-json\/wp\/v2\/pages\/5171"}],"collection":[{"href":"https:\/\/www.castellobudoni.com\/de\/wp-json\/wp\/v2\/pages"}],"about":[{"href":"https:\/\/www.castellobudoni.com\/de\/wp-json\/wp\/v2\/types\/page"}],"author":[{"embeddable":true,"href":"https:\/\/www.castellobudoni.com\/de\/wp-json\/wp\/v2\/users\/1"}],"replies":[{"embeddable":true,"href":"https:\/\/www.castellobudoni.com\/de\/wp-json\/wp\/v2\/comments?post=5171"}],"version-history":[{"count":4,"href":"https:\/\/www.castellobudoni.com\/de\/wp-json\/wp\/v2\/pages\/5171\/revisions"}],"predecessor-version":[{"id":5594,"href":"https:\/\/www.castellobudoni.com\/de\/wp-json\/wp\/v2\/pages\/5171\/revisions\/5594"}],"wp:attachment":[{"href":"https:\/\/www.castellobudoni.com\/de\/wp-json\/wp\/v2\/media?parent=5171"}],"wp:term":[{"taxonomy":"post_tag","embeddable":true,"href":"https:\/\/www.castellobudoni.com\/de\/wp-json\/wp\/v2\/tags?post=5171"}],"curies":[{"name":"wp","href":"https:\/\/api.w.org\/{rel}","templated":true}]}}