{"id":5145,"date":"2021-02-11T15:14:49","date_gmt":"2021-02-11T14:14:49","guid":{"rendered":"https:\/\/hotelcastello.hub-core.com\/?page_id=5145"},"modified":"2021-03-11T15:11:21","modified_gmt":"2021-03-11T14:11:21","slug":"cookie-richtlinie","status":"publish","type":"page","link":"https:\/\/www.castellobudoni.com\/de\/cookie-richtlinie\/","title":{"rendered":"Cookie-Richtlinie"},"content":{"rendered":"<p>[vc_row css=&#8220;.vc_custom_1610034498885{padding-top: 20px !important;}&#8220;][vc_column][vc_raw_html]JTVCd3BzZW9fYnJlYWRjcnVtYiU1RA==[\/vc_raw_html][\/vc_column][\/vc_row][vc_row][vc_column][vc_column_text size=&#8220;0&#8243;]<\/p>\n<h1>Cookie-Richtlinie von hotelbudoni.com<\/h1>\n<p>Cookies sind Codeteile, die im Browser installiert werden und den Eigent\u00fcmer bei der Bereitstellung des Dienstes gem\u00e4\u00df den beschriebenen Zwecken unterst\u00fctzen. Einige der Zwecke, f\u00fcr die Cookies installiert werden, k\u00f6nnen auch die Zustimmung des Benutzers erfordern.<\/p>\n<p>Wenn Cookies auf der Grundlage einer Einwilligung installiert werden, kann diese Einwilligung jederzeit frei widerrufen werden, indem Sie die in diesem Dokument enthaltenen Anweisungen befolgen.<\/p>\n<p>Diese Anwendung verwendet Cookies, die gemeinhin als &#8222;technische&#8220; oder \u00e4hnliche Tracking-Tools bezeichnet werden, um Aktivit\u00e4ten durchzuf\u00fchren, die unbedingt erforderlich sind, um den Betrieb oder die Bereitstellung des Dienstes zu gew\u00e4hrleisten.<\/p>\n<h2>Messung<\/h2>\n<p>Diese Anwendung verwendet Tracking-Tools, um den Datenverkehr zu messen und das Verhalten der Nutzer zu analysieren, mit dem Ziel, den Dienst zu verbessern.<\/p>\n<h2>Statistik<\/h2>\n<p>Die in diesem Abschnitt enthaltenen Dienste erm\u00f6glichen dem Datenverantwortlichen die \u00dcberwachung und Analyse von Verkehrsdaten und dienen der Verfolgung des Nutzerverhaltens.<\/p>\n<p><strong>Google Analytics (Google Ireland Limited)<\/strong><br \/>\nGoogle Analytics ist ein Webanalysedienst, der von Google Ireland Limited (&#8222;Google&#8220;) bereitgestellt wird. Google verwendet die erhobenen personenbezogenen Daten, um die Nutzung dieser Anwendung zu verfolgen und zu untersuchen, Berichte zu erstellen und sie mit anderen von Google entwickelten Diensten zu teilen.<br \/>\nGoogle kann die personenbezogenen Daten verwenden, um die Anzeigen seines Werbenetzwerks zu kontextualisieren und zu personalisieren.<br \/>\nVerarbeitete personenbezogene Daten: Cookies und Nutzungsdaten.<\/p>\n<p>Ort der Behandlung: Irland &#8211; Datenschutzerkl\u00e4rung &#8211; Opt Out.<\/p>\n<h2>Wie Sie Pr\u00e4ferenzen verwalten und Einwilligungen erteilen oder widerrufen<\/h2>\n<p>Es gibt eine Reihe von M\u00f6glichkeiten, Ihre Pr\u00e4ferenzen in Bezug auf die Tracking-Tools zu verwalten und gegebenenfalls Ihre Zustimmung zu erteilen oder zu widerrufen:<\/p>\n<p>Benutzer k\u00f6nnen ihre Einstellungen f\u00fcr Tracking Tools direkt \u00fcber die Einstellungen ihrer Ger\u00e4te verwalten &#8211; so k\u00f6nnen sie beispielsweise die Verwendung oder Speicherung von Tracking Tools verhindern.<\/p>\n<p>Wenn die Verwendung von Tracking-Tools von der Zustimmung abh\u00e4ngt, k\u00f6nnen die Benutzer diese Zustimmung au\u00dferdem erteilen oder widerrufen, indem sie ihre Pr\u00e4ferenzen innerhalb der Cookie-Richtlinie festlegen oder diese Pr\u00e4ferenzen \u00fcber das Widget f\u00fcr die Tracking-Einstellungen aktualisieren, falls vorhanden.<\/p>\n<p>Es ist auch m\u00f6glich, zuvor gespeicherte Tracking-Tools durch spezielle Browser- oder Ger\u00e4tefunktionen zu entfernen.<\/p>\n<p>Andere Tracking-Tools im lokalen Speicher des Browsers k\u00f6nnen durch L\u00f6schen des Browserverlaufs entfernt werden.<\/p>\n<p>In Bezug auf Tracking-Tools von Drittanbietern k\u00f6nnen Nutzer ihre Pr\u00e4ferenzen verwalten und ihre Zustimmung widerrufen, indem sie den entsprechenden Opt-Out-Link (falls verf\u00fcgbar) besuchen, die in der Datenschutzrichtlinie des Drittanbieters beschriebenen Tools verwenden oder den Drittanbieter direkt kontaktieren.<\/p>\n<p>Ungeachtet des Vorstehenden werden die Benutzer darauf hingewiesen, dass sie die bei YourOnlineChoices (EU), Network Advertising Initiative (USA) und Digital Advertising Alliance (USA), DAAC (Kanada), DDAI (Japan) oder anderen \u00e4hnlichen Diensten verf\u00fcgbaren Informationen nutzen k\u00f6nnen. Mit diesen Diensten ist es m\u00f6glich, die Tracking-Einstellungen der meisten Werbetools zu verwalten. Daher empfehlen wir Ihnen, diese Ressourcen zus\u00e4tzlich zu den hier bereitgestellten Informationen zu verwenden.<\/p>\n<p>Die Digital Advertising Alliance stellt au\u00dferdem eine Anwendung namens AppChoices zur Verf\u00fcgung, die dem Benutzer hilft, verhaltensbezogene Werbung in mobilen Anwendungen zu kontrollieren.<\/p>\n<h2>Daten-Controller<\/h2>\n<p>ZC S.r.l.<br \/>\nLoc Istolo snc<br \/>\n08026 Orani (NU)<\/p>\n<p>E-Mail Adresse des Eigent\u00fcmers: info@castellobudoni.it<\/p>\n<p>Da die Installation von Cookies und anderen Tracking-Systemen durch Dritte \u00fcber die in dieser Anwendung genutzten Dienste vom Eigent\u00fcmer technisch nicht kontrolliert werden kann, ist jeder konkrete Hinweis auf von Dritten installierte Cookies und Tracking-Systeme als Hinweis zu verstehen. Um vollst\u00e4ndige Informationen zu erhalten, wird der Benutzer aufgefordert, die Datenschutzrichtlinien der in diesem Dokument aufgef\u00fchrten Drittanbieterdienste zu konsultieren.<\/p>\n<p>In Anbetracht der objektiven Komplexit\u00e4t der auf Cookies basierenden Identifizierungstechnologien wird der Nutzer aufgefordert, sich mit dem Eigent\u00fcmer in Verbindung zu setzen, wenn er weitere Informationen \u00fcber die Verwendung von Cookies durch diese Anwendung erhalten m\u00f6chte.<\/p>\n<p>&nbsp;<\/p>\n<p>&nbsp;<\/p>\n<p><a href=\"https:\/\/www.iubenda.com\/privacy-policy\/8087287\/legal\" target=\"_blank\" rel=\"noopener\">Sehen Sie sich die vollst\u00e4ndige und aktuelle Datenschutzrichtlinie in italienischer Sprache an.<\/a><\/p>\n<p>[\/vc_column_text][\/vc_column][\/vc_row]<\/p>\n","protected":false},"excerpt":{"rendered":"<p>[vc_row css=&#8220;.vc_custom_1610034498885{padding-top: 20px !important;}&#8220;][vc_column][vc_raw_html]JTVCd3BzZW9fYnJlYWRjcnVtYiU1RA==[\/vc_raw_html][\/vc_column][\/vc_row][vc_row][vc_column][vc_column_text size=&#8220;0&#8243;] Cookie-Richtlinie von hotelbudoni.com Cookies sind Codeteile, die im Browser installiert werden und den Eigent\u00fcmer bei der Bereitstellung des Dienstes gem\u00e4\u00df den beschriebenen Zwecken unterst\u00fctzen. Einige der Zwecke, f\u00fcr die Cookies installiert werden, k\u00f6nnen auch die Zustimmung des Benutzers erfordern. Wenn Cookies auf der Grundlage einer Einwilligung installiert werden, kann diese &hellip;<\/p>\n","protected":false},"author":1,"featured_media":0,"parent":0,"menu_order":0,"comment_status":"closed","ping_status":"closed","template":"","meta":[],"tags":[],"yoast_head":"<!-- This site is optimized with the Yoast SEO plugin v15.8 - https:\/\/yoast.com\/wordpress\/plugins\/seo\/ -->\n<title>Cookie-Richtlinie | Hotel Castello Budoni<\/title>\n<meta name=\"description\" content=\"Cookie-Richtlinie: Die Website verwendet nur technische und Navigations-Cookies, die f\u00fcr das ordnungsgem\u00e4\u00dfe Funktionieren der Website notwendig sind.\" \/>\n<meta name=\"robots\" content=\"index, follow, max-snippet:-1, max-image-preview:large, max-video-preview:-1\" \/>\n<link rel=\"canonical\" href=\"https:\/\/www.castellobudoni.com\/de\/cookie-richtlinie\/\" \/>\n<meta property=\"og:locale\" content=\"de_DE\" \/>\n<meta property=\"og:type\" content=\"article\" \/>\n<meta property=\"og:title\" content=\"Cookie-Richtlinie | Hotel Castello Budoni\" \/>\n<meta property=\"og:description\" content=\"Cookie-Richtlinie: Die Website verwendet nur technische und Navigations-Cookies, die f\u00fcr das ordnungsgem\u00e4\u00dfe Funktionieren der Website notwendig sind.\" \/>\n<meta property=\"og:url\" content=\"https:\/\/www.castellobudoni.com\/de\/cookie-richtlinie\/\" \/>\n<meta property=\"og:site_name\" content=\"Hotel Castello Budoni\" \/>\n<meta property=\"article:modified_time\" content=\"2021-03-11T14:11:21+00:00\" \/>\n<meta name=\"twitter:card\" content=\"summary_large_image\" \/>\n<script type=\"application\/ld+json\" class=\"yoast-schema-graph\">{\"@context\":\"https:\/\/schema.org\",\"@graph\":[{\"@type\":\"Organization\",\"@id\":\"https:\/\/www.castellobudoni.com\/#organization\",\"name\":\"Hotel Castello\",\"url\":\"https:\/\/www.castellobudoni.com\/\",\"sameAs\":[],\"logo\":{\"@type\":\"ImageObject\",\"@id\":\"https:\/\/www.castellobudoni.com\/#logo\",\"inLanguage\":\"de-DE\",\"url\":\"https:\/\/www.castellobudoni.com\/wp-content\/uploads\/2021\/02\/hotel-castello-logo-email.png\",\"width\":604,\"height\":80,\"caption\":\"Hotel Castello\"},\"image\":{\"@id\":\"https:\/\/www.castellobudoni.com\/#logo\"}},{\"@type\":\"WebSite\",\"@id\":\"https:\/\/www.castellobudoni.com\/#website\",\"url\":\"https:\/\/www.castellobudoni.com\/\",\"name\":\"Hotel Castello Budoni\",\"description\":\"\",\"publisher\":{\"@id\":\"https:\/\/www.castellobudoni.com\/#organization\"},\"potentialAction\":[{\"@type\":\"SearchAction\",\"target\":\"https:\/\/www.castellobudoni.com\/?s={search_term_string}\",\"query-input\":\"required name=search_term_string\"}],\"inLanguage\":\"de-DE\"},{\"@type\":\"WebPage\",\"@id\":\"https:\/\/www.castellobudoni.com\/de\/cookie-richtlinie\/#webpage\",\"url\":\"https:\/\/www.castellobudoni.com\/de\/cookie-richtlinie\/\",\"name\":\"Cookie-Richtlinie | Hotel Castello Budoni\",\"isPartOf\":{\"@id\":\"https:\/\/www.castellobudoni.com\/#website\"},\"datePublished\":\"2021-02-11T14:14:49+00:00\",\"dateModified\":\"2021-03-11T14:11:21+00:00\",\"description\":\"Cookie-Richtlinie: Die Website verwendet nur technische und Navigations-Cookies, die f\\u00fcr das ordnungsgem\\u00e4\\u00dfe Funktionieren der Website notwendig sind.\",\"breadcrumb\":{\"@id\":\"https:\/\/www.castellobudoni.com\/de\/cookie-richtlinie\/#breadcrumb\"},\"inLanguage\":\"de-DE\",\"potentialAction\":[{\"@type\":\"ReadAction\",\"target\":[\"https:\/\/www.castellobudoni.com\/de\/cookie-richtlinie\/\"]}]},{\"@type\":\"BreadcrumbList\",\"@id\":\"https:\/\/www.castellobudoni.com\/de\/cookie-richtlinie\/#breadcrumb\",\"itemListElement\":[{\"@type\":\"ListItem\",\"position\":1,\"item\":{\"@type\":\"WebPage\",\"@id\":\"https:\/\/www.castellobudoni.com\/de\/\",\"url\":\"https:\/\/www.castellobudoni.com\/de\/\",\"name\":\"Home\"}},{\"@type\":\"ListItem\",\"position\":2,\"item\":{\"@type\":\"WebPage\",\"@id\":\"https:\/\/www.castellobudoni.com\/de\/cookie-richtlinie\/\",\"url\":\"https:\/\/www.castellobudoni.com\/de\/cookie-richtlinie\/\",\"name\":\"Cookie-Richtlinie\"}}]}]}<\/script>\n<!-- \/ Yoast SEO plugin. -->","_links":{"self":[{"href":"https:\/\/www.castellobudoni.com\/de\/wp-json\/wp\/v2\/pages\/5145"}],"collection":[{"href":"https:\/\/www.castellobudoni.com\/de\/wp-json\/wp\/v2\/pages"}],"about":[{"href":"https:\/\/www.castellobudoni.com\/de\/wp-json\/wp\/v2\/types\/page"}],"author":[{"embeddable":true,"href":"https:\/\/www.castellobudoni.com\/de\/wp-json\/wp\/v2\/users\/1"}],"replies":[{"embeddable":true,"href":"https:\/\/www.castellobudoni.com\/de\/wp-json\/wp\/v2\/comments?post=5145"}],"version-history":[{"count":4,"href":"https:\/\/www.castellobudoni.com\/de\/wp-json\/wp\/v2\/pages\/5145\/revisions"}],"predecessor-version":[{"id":5807,"href":"https:\/\/www.castellobudoni.com\/de\/wp-json\/wp\/v2\/pages\/5145\/revisions\/5807"}],"wp:attachment":[{"href":"https:\/\/www.castellobudoni.com\/de\/wp-json\/wp\/v2\/media?parent=5145"}],"wp:term":[{"taxonomy":"post_tag","embeddable":true,"href":"https:\/\/www.castellobudoni.com\/de\/wp-json\/wp\/v2\/tags?post=5145"}],"curies":[{"name":"wp","href":"https:\/\/api.w.org\/{rel}","templated":true}]}}