{"id":4942,"date":"2021-01-08T09:27:54","date_gmt":"2021-01-08T08:27:54","guid":{"rendered":"https:\/\/hotelcastello.hub-core.com\/?page_id=4942"},"modified":"2021-02-18T12:29:52","modified_gmt":"2021-02-18T11:29:52","slug":"sicherheitsmassnahmen-covid-19","status":"publish","type":"page","link":"https:\/\/www.castellobudoni.com\/de\/sicherheitsmassnahmen-covid-19\/","title":{"rendered":"Sicherheitsma\u00dfnahmen Covid-19"},"content":{"rendered":"<p>[vc_row css=&#8220;.vc_custom_1610101375894{padding-top: 20px !important;padding-bottom: 50px !important;}&#8220;][vc_column][vc_raw_html]JTVCd3BzZW9fYnJlYWRjcnVtYiU1RA==[\/vc_raw_html][\/vc_column][\/vc_row][vc_row css=&#8220;.vc_custom_1610101395346{padding-bottom: 50px !important;}&#8220;][vc_column]<div class=\"awe-special-heading text-left\"><h1>Ihr sicherer Urlaub auf Sardinien<\/h1><div class=\"awe-subheading below\"><p>Die Sicherheitsma\u00dfnahmen des Hotels Castello<\/p><\/div><\/div>[vc_column_text size=&#8220;0&#8243;]Im vergangenen Sommer haben uns unsere Mitarbeiter und G\u00e4ste bewiesen, dass es m\u00f6glich ist, einen <strong>sicheren Urlaub<\/strong> zu verbringen.<\/p>\n<p>In diesem Jahr haben wir unsere Sicherheitsverfahren konsolidiert und einige besondere Dienstleistungen entwickelt, um unseren G\u00e4sten einen <strong>sicheren Urlaub auf Sardinien<\/strong> zu erm\u00f6glichen.<\/p>\n<p>Helfen Sie uns. Respektieren Sie immer die Protokolle und seien Sie verantwortungsbewusst, innerhalb und au\u00dferhalb des Hotels.[\/vc_column_text][vc_column_text size=&#8220;0&#8243;]<\/p>\n<h2>Das Personal<\/h2>\n<p>Korrekt getragener <strong>Mundschutz<\/strong>, kontinuierliche <strong>H\u00e4ndehygiene<\/strong> und sorgf\u00e4ltige Anwendung der <strong>Protokolle<\/strong>: die Professionalit\u00e4t unseres Personals ist die erste Garantie f\u00fcr Sicherheit.<\/p>\n<p>Sollten Sie w\u00e4hrend Ihres Aufenthaltes Symptome im Zusammenhang mit Covid-19 feststellen oder mit positiven oder vermuteten Positiven in Kontakt kommen, benachrichtigen Sie bitte die Rezeption, die umgehend die notwendigen Protokolle einleiten wird.[\/vc_column_text][vc_column_text size=&#8220;0&#8243;]<\/p>\n<h2>Flexible Stornierung<\/h2>\n<p>Alle unsere Zimmer k\u00f6nnen mit <strong>flexiblen Stornierungsbedingungen<\/strong> gebucht werden.<\/p>\n<p>Wir sind optimistisch und hoffen, dass der n\u00e4chste Sommer tats\u00e4chlich ein sorgenfreier sein wird, aber Ihre Buchung muss es auch sein.[\/vc_column_text][vc_column_text size=&#8220;0&#8243;]<\/p>\n<h2>Bei Ankunft<\/h2>\n<p>Wir haben den <strong>Online-Check-in<\/strong> aktiviert. Sie k\u00f6nnen uns Ihre pers\u00f6nlichen Daten und Ihre Dokumente (ID und Steuernummer) per E-Mail zusenden und so die mit dem Empfang verbundenen Praktiken beschleunigen.<\/p>\n<p>Bei der Ankunft m\u00fcssen Sie nur Ihren Ausweis an der Rezeption vorzeigen.<\/p>\n<p>Um Ihnen v\u00f6llige Unabh\u00e4ngigkeit zu garantieren, geben wir Ihnen <strong>bei Ihrer Ankunft<\/strong> die <strong>Schl\u00fcssel<\/strong> zu Ihrem Zimmer, die Sie bis zum Check-out behalten k\u00f6nnen.<\/p>\n<p>Wenn Sie eine Gruppe sind, w\u00e4hlen Sie den Online-Check-in und achten Sie auf jeden Fall darauf, dass Sie Ihre Unterlagen sammeln und an eine Person \u00fcbergeben, der wir die Schl\u00fcssel \u00fcbergeben.[\/vc_column_text][vc_column_text size=&#8220;0&#8243;]<\/p>\n<h2>In Ihrem Zimmer<\/h2>\n<p>Die architektonische Struktur des Hotels Castello beg\u00fcnstigt nat\u00fcrlich die <strong>soziale Distanzierung<\/strong>: Tats\u00e4chlich hat jede Unterkunft einen <strong>eigenen Eingang<\/strong> und <strong>private Au\u00dfenbereiche<\/strong>.<\/p>\n<p>Sie k\u00f6nnen auch verschiedene Dienstleistungen direkt in Ihrem Zimmer anfordern, wie z. B. <strong>Fr\u00fchst\u00fcck<\/strong> oder <strong>Abendessen zum Mitnehmen<\/strong>.<\/p>\n<p>Mit anderen Worten: Sobald Sie eingecheckt haben, m\u00fcssen Sie m\u00f6glicherweise bis zum Check-out nicht mehr zur Rezeption gehen.[\/vc_column_text][vc_column_text size=&#8220;0&#8243;]<\/p>\n<h2>Die Gemeinschaftsr\u00e4ume<\/h2>\n<p>Die Sonnenterrasse, das Schwimmbad und der Fr\u00fchst\u00fccksraum: alle gemeinsam genutzten Bereiche sind <strong>offene R\u00e4ume<\/strong>, in denen sich nur selten Gedr\u00e4nge bildet.<\/p>\n<p>Wir laden Sie ein, die Rezeption nur bei Bedarf zu besuchen, immer unter Ber\u00fccksichtigung der <strong>Sicherheitsprotokolle<\/strong>.<\/p>\n<p>Achten Sie in allen gemeinsam genutzten Bereichen stets auf die Einhaltung der angegebenen <strong>Schilder und Verfahren<\/strong>.<\/p>\n<p>Um Ihnen die sichere Nutzung der Gemeinschaftsr\u00e4ume zu erm\u00f6glichen, haben wir folgende Ma\u00dfnahmen aktiviert:<\/p>\n<ul>\n<li>Regelm\u00e4\u00dfige <strong>Desinfektion<\/strong> der Zimmer und Gemeinschaftsr\u00e4ume<\/li>\n<li><strong>Desinfektionsmittel<\/strong> in Gemeinschaftsbereichen verf\u00fcgbar<\/li>\n<li><strong>Beschilderung<\/strong> in Gemeinschaftsbereichen<\/li>\n<li><strong>Masken- und Abstandszwang<\/strong> in geschlossenen R\u00e4umen<\/li>\n<li><strong>Verbot des Versammelns<\/strong> in allen Bereichen<\/li>\n<li><strong>Thermometer<\/strong> an der Rezeption erh\u00e4ltlich<\/li>\n<\/ul>\n<p>[\/vc_column_text][vc_column_text size=&#8220;0&#8243;]<\/p>\n<h2>Fr\u00fchst\u00fcck<\/h2>\n<p>Wir verzichteten auf das Buffet und entschieden uns f\u00fcr den <strong>Tischservice<\/strong>.<\/p>\n<p>Das Fr\u00fchst\u00fcck findet im <strong>Panoramasaal unter freiem Himmel<\/strong> statt, die Tische sind unter Einhaltung der <strong>Sicherheitsabst\u00e4nde<\/strong> aufgestellt.<\/p>\n<p>Gegen einen kleinen Aufpreis k\u00f6nnen Sie auch das <strong>Fr\u00fchst\u00fcck auf Ihrem Zimmer<\/strong> genie\u00dfen.[\/vc_column_text][\/vc_column][\/vc_row]<\/p>\n","protected":false},"excerpt":{"rendered":"<p>[vc_row css=&#8220;.vc_custom_1610101375894{padding-top: 20px !important;padding-bottom: 50px !important;}&#8220;][vc_column][vc_raw_html]JTVCd3BzZW9fYnJlYWRjcnVtYiU1RA==[\/vc_raw_html][\/vc_column][\/vc_row][vc_row css=&#8220;.vc_custom_1610101395346{padding-bottom: 50px !important;}&#8220;][vc_column][vc_column_text size=&#8220;0&#8243;]Im vergangenen Sommer haben uns unsere Mitarbeiter und G\u00e4ste bewiesen, dass es m\u00f6glich ist, einen sicheren Urlaub zu verbringen. In diesem Jahr haben wir unsere Sicherheitsverfahren konsolidiert und einige besondere Dienstleistungen entwickelt, um unseren G\u00e4sten einen sicheren Urlaub auf Sardinien zu erm\u00f6glichen. Helfen Sie uns. Respektieren &hellip;<\/p>\n","protected":false},"author":1,"featured_media":0,"parent":0,"menu_order":0,"comment_status":"closed","ping_status":"closed","template":"","meta":[],"tags":[],"yoast_head":"<!-- This site is optimized with the Yoast SEO plugin v15.8 - https:\/\/yoast.com\/wordpress\/plugins\/seo\/ -->\n<title>Sicherer Urlaub auf Sardinien | Sicherheitsma\u00dfnahmen Covid-19<\/title>\n<meta name=\"description\" content=\"Wir haben unsere Sicherheitsverfahren konsolidiert und einige spezielle Dienstleistungen entwickelt, um Ihnen einen sicheren Urlaub auf Sardinien zu erm\u00f6glichen.\" \/>\n<meta name=\"robots\" content=\"index, follow, max-snippet:-1, max-image-preview:large, max-video-preview:-1\" \/>\n<link rel=\"canonical\" href=\"https:\/\/www.castellobudoni.com\/de\/sicherheitsmassnahmen-covid-19\/\" \/>\n<meta property=\"og:locale\" content=\"de_DE\" \/>\n<meta property=\"og:type\" content=\"article\" \/>\n<meta property=\"og:title\" content=\"Sicherer Urlaub auf Sardinien | Sicherheitsma\u00dfnahmen Covid-19\" \/>\n<meta property=\"og:description\" content=\"Wir haben unsere Sicherheitsverfahren konsolidiert und einige spezielle Dienstleistungen entwickelt, um Ihnen einen sicheren Urlaub auf Sardinien zu erm\u00f6glichen.\" \/>\n<meta property=\"og:url\" content=\"https:\/\/www.castellobudoni.com\/de\/sicherheitsmassnahmen-covid-19\/\" \/>\n<meta property=\"og:site_name\" content=\"Hotel Castello Budoni\" \/>\n<meta property=\"article:modified_time\" content=\"2021-02-18T11:29:52+00:00\" \/>\n<meta name=\"twitter:card\" content=\"summary_large_image\" \/>\n<script type=\"application\/ld+json\" class=\"yoast-schema-graph\">{\"@context\":\"https:\/\/schema.org\",\"@graph\":[{\"@type\":\"Organization\",\"@id\":\"https:\/\/www.castellobudoni.com\/#organization\",\"name\":\"Hotel Castello\",\"url\":\"https:\/\/www.castellobudoni.com\/\",\"sameAs\":[],\"logo\":{\"@type\":\"ImageObject\",\"@id\":\"https:\/\/www.castellobudoni.com\/#logo\",\"inLanguage\":\"de-DE\",\"url\":\"https:\/\/www.castellobudoni.com\/wp-content\/uploads\/2021\/02\/hotel-castello-logo-email.png\",\"width\":604,\"height\":80,\"caption\":\"Hotel Castello\"},\"image\":{\"@id\":\"https:\/\/www.castellobudoni.com\/#logo\"}},{\"@type\":\"WebSite\",\"@id\":\"https:\/\/www.castellobudoni.com\/#website\",\"url\":\"https:\/\/www.castellobudoni.com\/\",\"name\":\"Hotel Castello Budoni\",\"description\":\"\",\"publisher\":{\"@id\":\"https:\/\/www.castellobudoni.com\/#organization\"},\"potentialAction\":[{\"@type\":\"SearchAction\",\"target\":\"https:\/\/www.castellobudoni.com\/?s={search_term_string}\",\"query-input\":\"required name=search_term_string\"}],\"inLanguage\":\"de-DE\"},{\"@type\":\"WebPage\",\"@id\":\"https:\/\/www.castellobudoni.com\/de\/sicherheitsmassnahmen-covid-19\/#webpage\",\"url\":\"https:\/\/www.castellobudoni.com\/de\/sicherheitsmassnahmen-covid-19\/\",\"name\":\"Sicherer Urlaub auf Sardinien | Sicherheitsma\\u00dfnahmen Covid-19\",\"isPartOf\":{\"@id\":\"https:\/\/www.castellobudoni.com\/#website\"},\"datePublished\":\"2021-01-08T08:27:54+00:00\",\"dateModified\":\"2021-02-18T11:29:52+00:00\",\"description\":\"Wir haben unsere Sicherheitsverfahren konsolidiert und einige spezielle Dienstleistungen entwickelt, um Ihnen einen sicheren Urlaub auf Sardinien zu erm\\u00f6glichen.\",\"breadcrumb\":{\"@id\":\"https:\/\/www.castellobudoni.com\/de\/sicherheitsmassnahmen-covid-19\/#breadcrumb\"},\"inLanguage\":\"de-DE\",\"potentialAction\":[{\"@type\":\"ReadAction\",\"target\":[\"https:\/\/www.castellobudoni.com\/de\/sicherheitsmassnahmen-covid-19\/\"]}]},{\"@type\":\"BreadcrumbList\",\"@id\":\"https:\/\/www.castellobudoni.com\/de\/sicherheitsmassnahmen-covid-19\/#breadcrumb\",\"itemListElement\":[{\"@type\":\"ListItem\",\"position\":1,\"item\":{\"@type\":\"WebPage\",\"@id\":\"https:\/\/www.castellobudoni.com\/de\/\",\"url\":\"https:\/\/www.castellobudoni.com\/de\/\",\"name\":\"Home\"}},{\"@type\":\"ListItem\",\"position\":2,\"item\":{\"@type\":\"WebPage\",\"@id\":\"https:\/\/www.castellobudoni.com\/de\/sicherheitsmassnahmen-covid-19\/\",\"url\":\"https:\/\/www.castellobudoni.com\/de\/sicherheitsmassnahmen-covid-19\/\",\"name\":\"Sicherheitsma\\u00dfnahmen Covid-19\"}}]}]}<\/script>\n<!-- \/ Yoast SEO plugin. -->","_links":{"self":[{"href":"https:\/\/www.castellobudoni.com\/de\/wp-json\/wp\/v2\/pages\/4942"}],"collection":[{"href":"https:\/\/www.castellobudoni.com\/de\/wp-json\/wp\/v2\/pages"}],"about":[{"href":"https:\/\/www.castellobudoni.com\/de\/wp-json\/wp\/v2\/types\/page"}],"author":[{"embeddable":true,"href":"https:\/\/www.castellobudoni.com\/de\/wp-json\/wp\/v2\/users\/1"}],"replies":[{"embeddable":true,"href":"https:\/\/www.castellobudoni.com\/de\/wp-json\/wp\/v2\/comments?post=4942"}],"version-history":[{"count":16,"href":"https:\/\/www.castellobudoni.com\/de\/wp-json\/wp\/v2\/pages\/4942\/revisions"}],"predecessor-version":[{"id":5167,"href":"https:\/\/www.castellobudoni.com\/de\/wp-json\/wp\/v2\/pages\/4942\/revisions\/5167"}],"wp:attachment":[{"href":"https:\/\/www.castellobudoni.com\/de\/wp-json\/wp\/v2\/media?parent=4942"}],"wp:term":[{"taxonomy":"post_tag","embeddable":true,"href":"https:\/\/www.castellobudoni.com\/de\/wp-json\/wp\/v2\/tags?post=4942"}],"curies":[{"name":"wp","href":"https:\/\/api.w.org\/{rel}","templated":true}]}}